{"id":1202,"date":"2021-07-07T21:48:48","date_gmt":"2021-07-07T21:48:48","guid":{"rendered":"http:\/\/localhost\/3p\/?page_id=1202"},"modified":"2021-08-30T12:03:12","modified_gmt":"2021-08-30T16:03:12","slug":"clients","status":"publish","type":"page","link":"https:\/\/3pconsultingengineers.com\/fr\/clients\/","title":{"rendered":"Clients"},"content":{"rendered":"\t\t<div data-elementor-type=\"wp-page\" data-elementor-id=\"1202\" class=\"elementor elementor-1202\" data-elementor-settings=\"[]\">\n\t\t\t\t\t\t\t<div class=\"elementor-section-wrap\">\n\t\t\t\t\t\t\t<section class=\"elementor-section elementor-top-section elementor-element elementor-element-27f47cff elementor-section-content-top elementor-section-full_width elementor-section-height-default elementor-section-height-default\" data-id=\"27f47cff\" data-element_type=\"section\">\n\t\t\t\t\t\t<div class=\"elementor-container elementor-column-gap-default\">\n\t\t\t\t\t<div class=\"elementor-column elementor-col-100 elementor-top-column elementor-element elementor-element-2703c29\" data-id=\"2703c29\" data-element_type=\"column\">\n\t\t\t<div class=\"elementor-widget-wrap elementor-element-populated\">\n\t\t\t\t\t\t\t\t<div class=\"elementor-element elementor-element-555a1ec elementor-widget elementor-widget-heading\" data-id=\"555a1ec\" data-element_type=\"widget\" data-widget_type=\"heading.default\">\n\t\t\t\t<div class=\"elementor-widget-container\">\n\t\t\t<h4 class=\"elementor-heading-title elementor-size-default\">Clients<\/h4>\t\t<\/div>\n\t\t\t\t<\/div>\n\t\t\t\t<section class=\"elementor-section elementor-inner-section elementor-element elementor-element-11a9d0e elementor-section-boxed elementor-section-height-default elementor-section-height-default\" data-id=\"11a9d0e\" data-element_type=\"section\">\n\t\t\t\t\t\t<div class=\"elementor-container elementor-column-gap-default\">\n\t\t\t\t\t<div class=\"elementor-column elementor-col-33 elementor-inner-column elementor-element elementor-element-f9fcafa\" data-id=\"f9fcafa\" data-element_type=\"column\">\n\t\t\t<div class=\"elementor-widget-wrap elementor-element-populated\">\n\t\t\t\t\t\t\t\t<div class=\"elementor-element elementor-element-89af634 elementor-widget elementor-widget-image\" data-id=\"89af634\" data-element_type=\"widget\" data-widget_type=\"image.default\">\n\t\t\t\t<div class=\"elementor-widget-container\">\n\t\t\t\t\t\t\t\t\t\t\t\t\t\t\t<img src=\"https:\/\/3pconsultingengineers.com\/wp-content\/uploads\/2021\/07\/logolrdlr.jpeg\" title=\"\" alt=\"\" \/>\t\t\t\t\t\t\t\t\t\t\t\t\t\t\t<\/div>\n\t\t\t\t<\/div>\n\t\t\t\t<div class=\"elementor-element elementor-element-f6e33f0 elementor-widget elementor-widget-text-editor\" data-id=\"f6e33f0\" data-element_type=\"widget\" data-widget_type=\"text-editor.default\">\n\t\t\t\t<div class=\"elementor-widget-container\">\n\t\t\t\t\t\t\t\t<h3 style=\"text-align: center; color: #666699;\"><b>Social\/Politique<\/b><br>\n\n<b>SAI Client<\/b><\/h3>\n<h4 style=\"text-align: center; color: #666699;\"><b>Projet:<\/b><br>\n\n<b>Cr\u00e9ation d&#8217;un registre \u00e9lectoral de la soci\u00e9t\u00e9 civile v\u00e9n\u00e9zu\u00e9lienne\n<\/b><\/h4>\t\t\t\t\t\t<\/div>\n\t\t\t\t<\/div>\n\t\t\t\t\t<\/div>\n\t\t<\/div>\n\t\t\t\t<div class=\"elementor-column elementor-col-33 elementor-inner-column elementor-element elementor-element-5eb535c\" data-id=\"5eb535c\" data-element_type=\"column\">\n\t\t\t<div class=\"elementor-widget-wrap elementor-element-populated\">\n\t\t\t\t\t\t\t\t<div class=\"elementor-element elementor-element-22b28ce elementor-widget elementor-widget-image\" data-id=\"22b28ce\" data-element_type=\"widget\" data-widget_type=\"image.default\">\n\t\t\t\t<div class=\"elementor-widget-container\">\n\t\t\t\t\t\t\t\t\t\t\t\t\t\t\t<img src=\"https:\/\/3pconsultingengineers.com\/wp-content\/uploads\/2021\/07\/recetas.jpg\" title=\"\" alt=\"\" \/>\t\t\t\t\t\t\t\t\t\t\t\t\t\t\t<\/div>\n\t\t\t\t<\/div>\n\t\t\t\t<div class=\"elementor-element elementor-element-0d44b9d elementor-widget elementor-widget-text-editor\" data-id=\"0d44b9d\" data-element_type=\"widget\" data-widget_type=\"text-editor.default\">\n\t\t\t\t<div class=\"elementor-widget-container\">\n\t\t\t\t\t\t\t\t<h3 style=\"text-align: center; color: #666699;\"><b>Entreprise<\/b><br>\n<b>SAI Client<\/b><\/h3>\n<h4 style=\"text-align: center; color: #666699;\"><b>Projet:<\/b><br>\n\n<b>Ventes et marketing du livre au Canada<\/b><\/h4>\t\t\t\t\t\t<\/div>\n\t\t\t\t<\/div>\n\t\t\t\t\t<\/div>\n\t\t<\/div>\n\t\t\t\t<div class=\"elementor-column elementor-col-33 elementor-inner-column elementor-element elementor-element-0fb327c\" data-id=\"0fb327c\" data-element_type=\"column\">\n\t\t\t<div class=\"elementor-widget-wrap elementor-element-populated\">\n\t\t\t\t\t\t\t\t<div class=\"elementor-element elementor-element-fdc489c elementor-widget elementor-widget-image\" data-id=\"fdc489c\" data-element_type=\"widget\" data-widget_type=\"image.default\">\n\t\t\t\t<div class=\"elementor-widget-container\">\n\t\t\t\t\t\t\t\t\t\t\t\t\t\t\t<img src=\"https:\/\/3pconsultingengineers.com\/wp-content\/uploads\/2021\/07\/concenso.jpg\" title=\"\" alt=\"\" \/>\t\t\t\t\t\t\t\t\t\t\t\t\t\t\t<\/div>\n\t\t\t\t<\/div>\n\t\t\t\t<div class=\"elementor-element elementor-element-b06395b elementor-widget elementor-widget-text-editor\" data-id=\"b06395b\" data-element_type=\"widget\" data-widget_type=\"text-editor.default\">\n\t\t\t\t<div class=\"elementor-widget-container\">\n\t\t\t\t\t\t\t\t<h3 style=\"text-align: center; color: #666699;\"><b>Recherche\/Acad\u00e9mique<\/b>\n<b>SAI Client<\/b><\/h3>\n<h4 style=\"text-align: center; color: #666699;\"><b>Projet:<\/b><br>\n<b>Diffusion de la m\u00e9thodologie du consensus syst\u00e9mique dans les organisations commerciales\n<\/b><\/h4>\t\t\t\t\t\t<\/div>\n\t\t\t\t<\/div>\n\t\t\t\t\t<\/div>\n\t\t<\/div>\n\t\t\t\t\t\t\t<\/div>\n\t\t<\/section>\n\t\t\t\t\t<\/div>\n\t\t<\/div>\n\t\t\t\t\t\t\t<\/div>\n\t\t<\/section>\n\t\t\t\t\t\t<\/div>\n\t\t\t\t\t<\/div>\n\t\t","protected":false},"excerpt":{"rendered":"<p>Clients Social\/Politique SAI Client Projet: Cr\u00e9ation d&#8217;un registre \u00e9lectoral de la soci\u00e9t\u00e9 civile v\u00e9n\u00e9zu\u00e9lienne Entreprise SAI Client Projet: Ventes et marketing du livre au Canada Recherche\/Acad\u00e9mique SAI Client Projet: Diffusion de la m\u00e9thodologie du consensus syst\u00e9mique dans les organisations commerciales<\/p>\n","protected":false},"author":1,"featured_media":0,"parent":0,"menu_order":0,"comment_status":"closed","ping_status":"closed","template":"","meta":[],"_links":{"self":[{"href":"https:\/\/3pconsultingengineers.com\/fr\/wp-json\/wp\/v2\/pages\/1202"}],"collection":[{"href":"https:\/\/3pconsultingengineers.com\/fr\/wp-json\/wp\/v2\/pages"}],"about":[{"href":"https:\/\/3pconsultingengineers.com\/fr\/wp-json\/wp\/v2\/types\/page"}],"author":[{"embeddable":true,"href":"https:\/\/3pconsultingengineers.com\/fr\/wp-json\/wp\/v2\/users\/1"}],"replies":[{"embeddable":true,"href":"https:\/\/3pconsultingengineers.com\/fr\/wp-json\/wp\/v2\/comments?post=1202"}],"version-history":[{"count":238,"href":"https:\/\/3pconsultingengineers.com\/fr\/wp-json\/wp\/v2\/pages\/1202\/revisions"}],"predecessor-version":[{"id":2630,"href":"https:\/\/3pconsultingengineers.com\/fr\/wp-json\/wp\/v2\/pages\/1202\/revisions\/2630"}],"wp:attachment":[{"href":"https:\/\/3pconsultingengineers.com\/fr\/wp-json\/wp\/v2\/media?parent=1202"}],"curies":[{"name":"wp","href":"https:\/\/api.w.org\/{rel}","templated":true}]}}