{"id":951,"date":"2021-06-12T02:48:48","date_gmt":"2021-06-12T02:48:48","guid":{"rendered":"http:\/\/localhost\/3p\/?page_id=951"},"modified":"2021-09-02T15:57:27","modified_gmt":"2021-09-02T19:57:27","slug":"enlaces","status":"publish","type":"page","link":"https:\/\/3pconsultingengineers.com\/es\/enlaces\/","title":{"rendered":"Enlaces"},"content":{"rendered":"\t\t<div data-elementor-type=\"wp-page\" data-elementor-id=\"951\" class=\"elementor elementor-951\" data-elementor-settings=\"[]\">\n\t\t\t\t\t\t\t<div class=\"elementor-section-wrap\">\n\t\t\t\t\t\t\t<section class=\"elementor-section elementor-top-section elementor-element elementor-element-7f8c9ba elementor-section-full_width elementor-section-height-default elementor-section-height-default\" data-id=\"7f8c9ba\" data-element_type=\"section\">\n\t\t\t\t\t\t<div class=\"elementor-container elementor-column-gap-default\">\n\t\t\t\t\t<div class=\"elementor-column elementor-col-100 elementor-top-column elementor-element elementor-element-0336285\" data-id=\"0336285\" data-element_type=\"column\">\n\t\t\t<div class=\"elementor-widget-wrap elementor-element-populated\">\n\t\t\t\t\t\t\t\t<div class=\"elementor-element elementor-element-33ea2b5 elementor-widget elementor-widget-heading\" data-id=\"33ea2b5\" data-element_type=\"widget\" data-widget_type=\"heading.default\">\n\t\t\t\t<div class=\"elementor-widget-container\">\n\t\t\t<h4 class=\"elementor-heading-title elementor-size-default\">Enlaces<\/h4>\t\t<\/div>\n\t\t\t\t<\/div>\n\t\t\t\t\t<\/div>\n\t\t<\/div>\n\t\t\t\t\t\t\t<\/div>\n\t\t<\/section>\n\t\t\t\t<section class=\"elementor-section elementor-top-section elementor-element elementor-element-442af6f4 elementor-section-content-middle elementor-section-full_width elementor-section-height-default elementor-section-height-default\" data-id=\"442af6f4\" data-element_type=\"section\">\n\t\t\t\t\t\t<div class=\"elementor-container elementor-column-gap-no\">\n\t\t\t\t\t<div class=\"elementor-column elementor-col-100 elementor-top-column elementor-element elementor-element-5fcbdc5f\" data-id=\"5fcbdc5f\" data-element_type=\"column\">\n\t\t\t<div class=\"elementor-widget-wrap elementor-element-populated\">\n\t\t\t\t\t\t\t\t<section class=\"elementor-section elementor-inner-section elementor-element elementor-element-b10900c elementor-section-content-middle elementor-section-full_width elementor-section-height-default elementor-section-height-default\" data-id=\"b10900c\" data-element_type=\"section\">\n\t\t\t\t\t\t<div class=\"elementor-container elementor-column-gap-no\">\n\t\t\t\t\t<div class=\"elementor-column elementor-col-25 elementor-inner-column elementor-element elementor-element-4b966787\" data-id=\"4b966787\" data-element_type=\"column\">\n\t\t\t<div class=\"elementor-widget-wrap elementor-element-populated\">\n\t\t\t\t\t\t\t\t<div class=\"elementor-element elementor-element-0d95553 elementor-widget__width-inherit elementor-widget elementor-widget-image\" data-id=\"0d95553\" data-element_type=\"widget\" data-widget_type=\"image.default\">\n\t\t\t\t<div class=\"elementor-widget-container\">\n\t\t\t\t\t\t\t\t\t\t\t\t\t\t\t\t<a href=\"https:\/\/www.insna.org\/\" target=\"_blank\" rel=\"nofollow\">\n\t\t\t\t\t\t\t<img src=\"https:\/\/3pconsultingengineers.com\/wp-content\/uploads\/2021\/06\/insna-300x72.png\" title=\"\" alt=\"\" \/>\t\t\t\t\t\t\t\t<\/a>\n\t\t\t\t\t\t\t\t\t\t\t\t\t\t\t<\/div>\n\t\t\t\t<\/div>\n\t\t\t\t<div class=\"elementor-element elementor-element-e766643 elementor-widget elementor-widget-text-editor\" data-id=\"e766643\" data-element_type=\"widget\" data-widget_type=\"text-editor.default\">\n\t\t\t\t<div class=\"elementor-widget-container\">\n\t\t\t\t\t\t\t\t<p style=\"text-align: center;\">INSNA es la asociaci\u00f3n profesional de investigadores interesados \u200b\u200ben el an\u00e1lisis de redes sociales.<\/p>\t\t\t\t\t\t<\/div>\n\t\t\t\t<\/div>\n\t\t\t\t\t<\/div>\n\t\t<\/div>\n\t\t\t\t<div class=\"elementor-column elementor-col-25 elementor-inner-column elementor-element elementor-element-7d1f0e6\" data-id=\"7d1f0e6\" data-element_type=\"column\">\n\t\t\t<div class=\"elementor-widget-wrap elementor-element-populated\">\n\t\t\t\t\t\t\t\t<div class=\"elementor-element elementor-element-3db1711 elementor-widget elementor-widget-heading\" data-id=\"3db1711\" data-element_type=\"widget\" data-widget_type=\"heading.default\">\n\t\t\t\t<div class=\"elementor-widget-container\">\n\t\t\t<h3 class=\"elementor-heading-title elementor-size-default\"><a href=\"https:\/\/networks2021.net\/\" target=\"_blank\" rel=\"nofollow\">NETWORKS 2021<\/a><\/h3>\t\t<\/div>\n\t\t\t\t<\/div>\n\t\t\t\t<div class=\"elementor-element elementor-element-44c8c2c elementor-widget elementor-widget-text-editor\" data-id=\"44c8c2c\" data-element_type=\"widget\" data-widget_type=\"text-editor.default\">\n\t\t\t\t<div class=\"elementor-widget-container\">\n\t\t\t\t\t\t\t\t<p id=\"tw-target-text\" class=\"tw-data-text tw-text-large XcVN5d tw-ta\" dir=\"ltr\" data-placeholder=\"Traducci\u00f3n\"><span class=\"Y2IQFc\" lang=\"es\">Networks 2021: Una conferencia conjunta de Sunbelt y NetSci ser\u00e1 un evento totalmente virtual.<br \/><\/span><\/p>\t\t\t\t\t\t<\/div>\n\t\t\t\t<\/div>\n\t\t\t\t\t<\/div>\n\t\t<\/div>\n\t\t\t\t<div class=\"elementor-column elementor-col-25 elementor-inner-column elementor-element elementor-element-84fac91\" data-id=\"84fac91\" data-element_type=\"column\">\n\t\t\t<div class=\"elementor-widget-wrap elementor-element-populated\">\n\t\t\t\t\t\t\t\t<div class=\"elementor-element elementor-element-b790a4a elementor-widget elementor-widget-heading\" data-id=\"b790a4a\" data-element_type=\"widget\" data-widget_type=\"heading.default\">\n\t\t\t\t<div class=\"elementor-widget-container\">\n\t\t\t<h3 class=\"elementor-heading-title elementor-size-default\"><a href=\"https:\/\/revistes.uab.cat\/redes\" target=\"_blank\" rel=\"nofollow\">REDES<\/a><\/h3>\t\t<\/div>\n\t\t\t\t<\/div>\n\t\t\t\t<div class=\"elementor-element elementor-element-67f1035 elementor-widget elementor-widget-text-editor\" data-id=\"67f1035\" data-element_type=\"widget\" data-widget_type=\"text-editor.default\">\n\t\t\t\t<div class=\"elementor-widget-container\">\n\t\t\t\t\t\t\t\t<p style=\"text-align: center;\"><span class=\"Y2IQFc\" lang=\"es\">REDES: Revista hispana para el an\u00e1lisis de redes sociales.<\/span><\/p>\t\t\t\t\t\t<\/div>\n\t\t\t\t<\/div>\n\t\t\t\t\t<\/div>\n\t\t<\/div>\n\t\t\t\t<div class=\"elementor-column elementor-col-25 elementor-inner-column elementor-element elementor-element-3f3c9e3\" data-id=\"3f3c9e3\" data-element_type=\"column\">\n\t\t\t<div class=\"elementor-widget-wrap elementor-element-populated\">\n\t\t\t\t\t\t\t\t<div class=\"elementor-element elementor-element-2cca71f elementor-widget elementor-widget-image\" data-id=\"2cca71f\" data-element_type=\"widget\" data-widget_type=\"image.default\">\n\t\t\t\t<div class=\"elementor-widget-container\">\n\t\t\t\t\t\t\t\t\t\t\t\t\t\t\t\t<a href=\"https:\/\/www.youtube.com\/watch?v=nUIId_h4Q2Q\">\n\t\t\t\t\t\t\t<img src=\"https:\/\/3pconsultingengineers.com\/wp-content\/uploads\/2021\/06\/jornadaRedes2020_2.png\" title=\"\" alt=\"\" \/>\t\t\t\t\t\t\t\t<\/a>\n\t\t\t\t\t\t\t\t\t\t\t\t\t\t\t<\/div>\n\t\t\t\t<\/div>\n\t\t\t\t<div class=\"elementor-element elementor-element-b8608b1 elementor-widget elementor-widget-text-editor\" data-id=\"b8608b1\" data-element_type=\"widget\" data-widget_type=\"text-editor.default\">\n\t\t\t\t<div class=\"elementor-widget-container\">\n\t\t\t\t\t\t\t\t<p style=\"text-align: center;\"><span class=\"Y2IQFc\" lang=\"es\">REDES: Primera parte del D\u00eda de la red 2020 &#8211; Lista de redes.<\/span><\/p>\t\t\t\t\t\t<\/div>\n\t\t\t\t<\/div>\n\t\t\t\t\t<\/div>\n\t\t<\/div>\n\t\t\t\t\t\t\t<\/div>\n\t\t<\/section>\n\t\t\t\t\t<\/div>\n\t\t<\/div>\n\t\t\t\t\t\t\t<\/div>\n\t\t<\/section>\n\t\t\t\t\t\t<\/div>\n\t\t\t\t\t<\/div>\n\t\t","protected":false},"excerpt":{"rendered":"<p>Enlaces INSNA es la asociaci\u00f3n profesional de investigadores interesados \u200b\u200ben el an\u00e1lisis de redes sociales. NETWORKS 2021 Networks 2021: Una conferencia conjunta de Sunbelt y NetSci ser\u00e1 un evento totalmente virtual. REDES REDES: Revista hispana para el an\u00e1lisis de redes sociales. REDES: Primera parte del D\u00eda de la red 2020 &#8211; Lista de redes.<\/p>\n","protected":false},"author":1,"featured_media":0,"parent":0,"menu_order":0,"comment_status":"closed","ping_status":"closed","template":"","meta":[],"_links":{"self":[{"href":"https:\/\/3pconsultingengineers.com\/es\/wp-json\/wp\/v2\/pages\/951"}],"collection":[{"href":"https:\/\/3pconsultingengineers.com\/es\/wp-json\/wp\/v2\/pages"}],"about":[{"href":"https:\/\/3pconsultingengineers.com\/es\/wp-json\/wp\/v2\/types\/page"}],"author":[{"embeddable":true,"href":"https:\/\/3pconsultingengineers.com\/es\/wp-json\/wp\/v2\/users\/1"}],"replies":[{"embeddable":true,"href":"https:\/\/3pconsultingengineers.com\/es\/wp-json\/wp\/v2\/comments?post=951"}],"version-history":[{"count":79,"href":"https:\/\/3pconsultingengineers.com\/es\/wp-json\/wp\/v2\/pages\/951\/revisions"}],"predecessor-version":[{"id":2701,"href":"https:\/\/3pconsultingengineers.com\/es\/wp-json\/wp\/v2\/pages\/951\/revisions\/2701"}],"wp:attachment":[{"href":"https:\/\/3pconsultingengineers.com\/es\/wp-json\/wp\/v2\/media?parent=951"}],"curies":[{"name":"wp","href":"https:\/\/api.w.org\/{rel}","templated":true}]}}