{"id":747,"date":"2021-06-10T00:03:34","date_gmt":"2021-06-10T00:03:34","guid":{"rendered":"http:\/\/localhost\/3p\/?page_id=747"},"modified":"2021-09-22T22:11:39","modified_gmt":"2021-09-23T02:11:39","slug":"faqs","status":"publish","type":"page","link":"https:\/\/3pconsultingengineers.com\/es\/faqs\/","title":{"rendered":"FAQs"},"content":{"rendered":"\t\t<div data-elementor-type=\"wp-page\" data-elementor-id=\"747\" class=\"elementor elementor-747\" data-elementor-settings=\"[]\">\n\t\t\t\t\t\t\t<div class=\"elementor-section-wrap\">\n\t\t\t\t\t\t\t<section class=\"elementor-section elementor-top-section elementor-element elementor-element-303ebbf elementor-section-full_width elementor-section-content-top elementor-section-height-default elementor-section-height-default\" data-id=\"303ebbf\" data-element_type=\"section\">\n\t\t\t\t\t\t<div class=\"elementor-container elementor-column-gap-default\">\n\t\t\t\t\t<div class=\"elementor-column elementor-col-100 elementor-top-column elementor-element elementor-element-17f5ebc\" data-id=\"17f5ebc\" data-element_type=\"column\">\n\t\t\t<div class=\"elementor-widget-wrap elementor-element-populated\">\n\t\t\t\t\t\t\t\t<div class=\"elementor-element elementor-element-bf56d13 elementor-widget elementor-widget-heading\" data-id=\"bf56d13\" data-element_type=\"widget\" data-widget_type=\"heading.default\">\n\t\t\t\t<div class=\"elementor-widget-container\">\n\t\t\t<h4 class=\"elementor-heading-title elementor-size-default\">Preguntas Frecuentes<\/h4>\t\t<\/div>\n\t\t\t\t<\/div>\n\t\t\t\t\t<\/div>\n\t\t<\/div>\n\t\t\t\t\t\t\t<\/div>\n\t\t<\/section>\n\t\t\t\t<section class=\"elementor-section elementor-top-section elementor-element elementor-element-ca486f3 elementor-section-content-middle elementor-section-boxed elementor-section-height-default elementor-section-height-default\" data-id=\"ca486f3\" data-element_type=\"section\">\n\t\t\t\t\t\t<div class=\"elementor-container elementor-column-gap-no\">\n\t\t\t\t\t<div class=\"elementor-column elementor-col-100 elementor-top-column elementor-element elementor-element-7d364d33\" data-id=\"7d364d33\" data-element_type=\"column\">\n\t\t\t<div class=\"elementor-widget-wrap elementor-element-populated\">\n\t\t\t\t\t\t\t\t<section class=\"elementor-section elementor-inner-section elementor-element elementor-element-23214da1 elementor-section-content-top elementor-section-boxed elementor-section-height-default elementor-section-height-default\" data-id=\"23214da1\" data-element_type=\"section\">\n\t\t\t\t\t\t<div class=\"elementor-container elementor-column-gap-no\">\n\t\t\t\t\t<div class=\"elementor-column elementor-col-50 elementor-inner-column elementor-element elementor-element-5cbf5a93\" data-id=\"5cbf5a93\" data-element_type=\"column\">\n\t\t\t<div class=\"elementor-widget-wrap elementor-element-populated\">\n\t\t\t\t\t\t\t\t<div class=\"elementor-element elementor-element-3f2901ef elementor-widget elementor-widget-heading\" data-id=\"3f2901ef\" data-element_type=\"widget\" data-widget_type=\"heading.default\">\n\t\t\t\t<div class=\"elementor-widget-container\">\n\t\t\t<h4 class=\"elementor-heading-title elementor-size-default\">\u00bfQu\u00e9 es SAI?<\/h4>\t\t<\/div>\n\t\t\t\t<\/div>\n\t\t\t\t<div class=\"elementor-element elementor-element-3753e31a elementor-widget elementor-widget-text-editor\" data-id=\"3753e31a\" data-element_type=\"widget\" data-widget_type=\"text-editor.default\">\n\t\t\t\t<div class=\"elementor-widget-container\">\n\t\t\t\t\t\t\t\t<p>SAI es una tecnolog\u00eda\/metodolog\u00eda para la creaci\u00f3n, administraci\u00f3n y uso de capital social, en la Industria (\u00e1rea de negocios), la Universidad (\u00e1rea acad\u00e9mica y de investigaci\u00f3n) y el Gobierno (\u00e1rea pol\u00edtico-social).<\/p>\t\t\t\t\t\t<\/div>\n\t\t\t\t<\/div>\n\t\t\t\t\t<\/div>\n\t\t<\/div>\n\t\t\t\t<div class=\"elementor-column elementor-col-50 elementor-inner-column elementor-element elementor-element-2e015c6a\" data-id=\"2e015c6a\" data-element_type=\"column\">\n\t\t\t<div class=\"elementor-widget-wrap elementor-element-populated\">\n\t\t\t\t\t\t\t\t<div class=\"elementor-element elementor-element-b96b8e1 elementor-widget elementor-widget-heading\" data-id=\"b96b8e1\" data-element_type=\"widget\" data-widget_type=\"heading.default\">\n\t\t\t\t<div class=\"elementor-widget-container\">\n\t\t\t<h4 class=\"elementor-heading-title elementor-size-default\">\u00bfQu\u00e9 es Capital Social?<\/h4>\t\t<\/div>\n\t\t\t\t<\/div>\n\t\t\t\t<div class=\"elementor-element elementor-element-2201aa41 elementor-widget elementor-widget-text-editor\" data-id=\"2201aa41\" data-element_type=\"widget\" data-widget_type=\"text-editor.default\">\n\t\t\t\t<div class=\"elementor-widget-container\">\n\t\t\t\t\t\t\t\t<p>El capital social est\u00e1 representado por recursos de todo tipo, contenidos en las relaciones entre personas. Estos recursos sociales son generalmente utilizados en la planificaci\u00f3n\/ejecuci\u00f3n de proyectos y son accesibles al interactuar en redes de relaciones personales, en las cuales los actores sociales comparten valores y normas, que les permiten lograr prop\u00f3sitos, individuales y colectivos.<\/p>\t\t\t\t\t\t<\/div>\n\t\t\t\t<\/div>\n\t\t\t\t\t<\/div>\n\t\t<\/div>\n\t\t\t\t\t\t\t<\/div>\n\t\t<\/section>\n\t\t\t\t<section class=\"elementor-section elementor-inner-section elementor-element elementor-element-62fb7c66 elementor-section-content-top elementor-section-boxed elementor-section-height-default elementor-section-height-default\" data-id=\"62fb7c66\" data-element_type=\"section\">\n\t\t\t\t\t\t<div class=\"elementor-container elementor-column-gap-no\">\n\t\t\t\t\t<div class=\"elementor-column elementor-col-50 elementor-inner-column elementor-element elementor-element-35ee796a\" data-id=\"35ee796a\" data-element_type=\"column\">\n\t\t\t<div class=\"elementor-widget-wrap elementor-element-populated\">\n\t\t\t\t\t\t\t\t<div class=\"elementor-element elementor-element-359954ce elementor-widget elementor-widget-heading\" data-id=\"359954ce\" data-element_type=\"widget\" data-widget_type=\"heading.default\">\n\t\t\t\t<div class=\"elementor-widget-container\">\n\t\t\t<h4 class=\"elementor-heading-title elementor-size-default\">\u00bfC\u00f3mo funciona SAI?<span style=\"font-style: inherit;\"><\/span><\/h4>\t\t<\/div>\n\t\t\t\t<\/div>\n\t\t\t\t<div class=\"elementor-element elementor-element-5378bbec elementor-widget elementor-widget-text-editor\" data-id=\"5378bbec\" data-element_type=\"widget\" data-widget_type=\"text-editor.default\">\n\t\t\t\t<div class=\"elementor-widget-container\">\n\t\t\t\t\t\t\t\t<p>SAI funciona a trav\u00e9s de una aplicaci\u00f3n o sistema inform\u00e1tico que permite la integraci\u00f3n de personas o grupos de personas, interactuando en redes de relaciones sociales. Estas redes no se refieren a las redes sociales tradicionales (\u201csocial media\u201d), como por ejemplo: Facebook, Twitter, Instagram, WhatsApp, Telegram, entre otras.<\/p>\t\t\t\t\t\t<\/div>\n\t\t\t\t<\/div>\n\t\t\t\t\t<\/div>\n\t\t<\/div>\n\t\t\t\t<div class=\"elementor-column elementor-col-50 elementor-inner-column elementor-element elementor-element-1d8ffc62\" data-id=\"1d8ffc62\" data-element_type=\"column\">\n\t\t\t<div class=\"elementor-widget-wrap elementor-element-populated\">\n\t\t\t\t\t\t\t\t<div class=\"elementor-element elementor-element-39d6be1 elementor-widget elementor-widget-heading\" data-id=\"39d6be1\" data-element_type=\"widget\" data-widget_type=\"heading.default\">\n\t\t\t\t<div class=\"elementor-widget-container\">\n\t\t\t<h4 class=\"elementor-heading-title elementor-size-default\">\u00bfQu\u00e9 tipo de software es SAI?<span style=\"font-style: inherit;\"><\/span><\/h4>\t\t<\/div>\n\t\t\t\t<\/div>\n\t\t\t\t<div class=\"elementor-element elementor-element-78a700ca elementor-widget elementor-widget-text-editor\" data-id=\"78a700ca\" data-element_type=\"widget\" data-widget_type=\"text-editor.default\">\n\t\t\t\t<div class=\"elementor-widget-container\">\n\t\t\t\t\t\t\t\t<p>SAI pertenece a la familia de los sistemas SRM (siglas en ingl\u00e9s que significan: \u201cStakeholder Relationship Management\u201d), utilizados para apoyar la gesti\u00f3n de los interesados (\u201cstakeholders\u201d) de un proyecto, quienes interact\u00faan en redes de relaciones personales. Adem\u00e1s, SAI crea capital social y ayuda a construir consensos, entre los integrantes de las redes.<\/p>\t\t\t\t\t\t<\/div>\n\t\t\t\t<\/div>\n\t\t\t\t\t<\/div>\n\t\t<\/div>\n\t\t\t\t\t\t\t<\/div>\n\t\t<\/section>\n\t\t\t\t<section class=\"elementor-section elementor-inner-section elementor-element elementor-element-3b4a6ce1 elementor-section-content-top elementor-section-boxed elementor-section-height-default elementor-section-height-default\" data-id=\"3b4a6ce1\" data-element_type=\"section\">\n\t\t\t\t\t\t<div class=\"elementor-container elementor-column-gap-no\">\n\t\t\t\t\t<div class=\"elementor-column elementor-col-50 elementor-inner-column elementor-element elementor-element-159689bf\" data-id=\"159689bf\" data-element_type=\"column\">\n\t\t\t<div class=\"elementor-widget-wrap elementor-element-populated\">\n\t\t\t\t\t\t\t\t<div class=\"elementor-element elementor-element-4345c5a4 elementor-widget elementor-widget-heading\" data-id=\"4345c5a4\" data-element_type=\"widget\" data-widget_type=\"heading.default\">\n\t\t\t\t<div class=\"elementor-widget-container\">\n\t\t\t<h4 class=\"elementor-heading-title elementor-size-default\">\u00bfQu\u00e9 procesos de la gesti\u00f3n de los interesados (\u201cstakeholders\u201d) de proyectos apoya SAI?<span style=\"font-style: inherit;\"><\/span><\/h4>\t\t<\/div>\n\t\t\t\t<\/div>\n\t\t\t\t<div class=\"elementor-element elementor-element-5586bf64 elementor-widget elementor-widget-text-editor\" data-id=\"5586bf64\" data-element_type=\"widget\" data-widget_type=\"text-editor.default\">\n\t\t\t\t<div class=\"elementor-widget-container\">\n\t\t\t\t\t\t\t\tSAI apoya todos los procesos para la gesti\u00f3n de los interesados (\u201cstakeholders\u201d) de un proyecto, definidos en la Gu\u00eda del PMBOK\u00ae (2017)<span style=\"vertical-align: super; font-size: 8pt;\">[1]<\/span>, a saber: <br>\n<ul>\n \t<li>Identificar a los interesados<\/li>\n \t<li>Planificar el involucramiento de los interesados<\/li>\n \t<li>Gestionar la participaci\u00f3n de los interesados<\/li>\n \t<li>Monitorear el involucramiento de los interesados<\/li>\n<\/ul>\n__________\n<br>\n<span style=\"font-size: 9pt;\">\n[1] Project Management Institute. (2017).\u00a0A Guide to the Project Management Body of Knowledge\n(PMBOK\u00ae Guide) \u2013 Sixth Edition. Newtown Square, Pennsylvania, USA: Project Management Institute.<\/span>\t\t\t\t\t\t<\/div>\n\t\t\t\t<\/div>\n\t\t\t\t\t<\/div>\n\t\t<\/div>\n\t\t\t\t<div class=\"elementor-column elementor-col-50 elementor-inner-column elementor-element elementor-element-65c61212\" data-id=\"65c61212\" data-element_type=\"column\">\n\t\t\t<div class=\"elementor-widget-wrap elementor-element-populated\">\n\t\t\t\t\t\t\t\t<div class=\"elementor-element elementor-element-531138cf elementor-widget elementor-widget-heading\" data-id=\"531138cf\" data-element_type=\"widget\" data-widget_type=\"heading.default\">\n\t\t\t\t<div class=\"elementor-widget-container\">\n\t\t\t<h4 class=\"elementor-heading-title elementor-size-default\">  <\/h4>\t\t<\/div>\n\t\t\t\t<\/div>\n\t\t\t\t\t<\/div>\n\t\t<\/div>\n\t\t\t\t\t\t\t<\/div>\n\t\t<\/section>\n\t\t\t\t\t<\/div>\n\t\t<\/div>\n\t\t\t\t\t\t\t<\/div>\n\t\t<\/section>\n\t\t\t\t\t\t<\/div>\n\t\t\t\t\t<\/div>\n\t\t","protected":false},"excerpt":{"rendered":"<p>Preguntas Frecuentes \u00bfQu\u00e9 es SAI? SAI es una tecnolog\u00eda\/metodolog\u00eda para la creaci\u00f3n, administraci\u00f3n y uso de capital social, en la Industria (\u00e1rea de negocios), la Universidad (\u00e1rea acad\u00e9mica y de investigaci\u00f3n) y el Gobierno (\u00e1rea pol\u00edtico-social). \u00bfQu\u00e9 es Capital Social? El capital social est\u00e1 representado por recursos de todo tipo, contenidos en las relaciones entre &hellip;<\/p>\n<p class=\"read-more\"> <a class=\"\" href=\"https:\/\/3pconsultingengineers.com\/es\/faqs\/\"> <span class=\"screen-reader-text\">FAQs<\/span> Read More &raquo;<\/a><\/p>\n","protected":false},"author":1,"featured_media":0,"parent":0,"menu_order":0,"comment_status":"closed","ping_status":"closed","template":"","meta":[],"_links":{"self":[{"href":"https:\/\/3pconsultingengineers.com\/es\/wp-json\/wp\/v2\/pages\/747"}],"collection":[{"href":"https:\/\/3pconsultingengineers.com\/es\/wp-json\/wp\/v2\/pages"}],"about":[{"href":"https:\/\/3pconsultingengineers.com\/es\/wp-json\/wp\/v2\/types\/page"}],"author":[{"embeddable":true,"href":"https:\/\/3pconsultingengineers.com\/es\/wp-json\/wp\/v2\/users\/1"}],"replies":[{"embeddable":true,"href":"https:\/\/3pconsultingengineers.com\/es\/wp-json\/wp\/v2\/comments?post=747"}],"version-history":[{"count":80,"href":"https:\/\/3pconsultingengineers.com\/es\/wp-json\/wp\/v2\/pages\/747\/revisions"}],"predecessor-version":[{"id":2829,"href":"https:\/\/3pconsultingengineers.com\/es\/wp-json\/wp\/v2\/pages\/747\/revisions\/2829"}],"wp:attachment":[{"href":"https:\/\/3pconsultingengineers.com\/es\/wp-json\/wp\/v2\/media?parent=747"}],"curies":[{"name":"wp","href":"https:\/\/api.w.org\/{rel}","templated":true}]}}